{"id":1541,"date":"2020-05-11T03:47:44","date_gmt":"2020-05-11T01:47:44","guid":{"rendered":"http:\/\/adam-declic.fr\/?page_id=1541"},"modified":"2025-10-23T23:01:52","modified_gmt":"2025-10-23T21:01:52","slug":"devis","status":"publish","type":"page","link":"https:\/\/adam-declic.fr\/en\/devis\/","title":{"rendered":"Quote"},"content":{"rendered":"\t\t<div data-elementor-type=\"wp-page\" data-elementor-id=\"1541\" class=\"elementor elementor-1541\" data-elementor-post-type=\"page\">\n\t\t\t\t\t\t<section class=\"elementor-section elementor-top-section elementor-element elementor-element-5b692e1 elementor-section-boxed elementor-section-height-default elementor-section-height-default\" data-id=\"5b692e1\" data-element_type=\"section\" data-e-type=\"section\" data-settings=\"{&quot;shape_divider_top&quot;:&quot;tilt&quot;}\">\n\t\t\t\t\t<div class=\"elementor-shape elementor-shape-top\" aria-hidden=\"true\" data-negative=\"false\">\n\t\t\t<svg xmlns=\"http:\/\/www.w3.org\/2000\/svg\" viewBox=\"0 0 1000 100\" preserveAspectRatio=\"none\">\n\t<path class=\"elementor-shape-fill\" d=\"M0,6V0h1000v100L0,6z\"\/>\n<\/svg>\t\t<\/div>\n\t\t\t\t\t<div class=\"elementor-container elementor-column-gap-wide\">\n\t\t\t\t\t<div class=\"elementor-column elementor-col-100 elementor-top-column elementor-element elementor-element-97c33b3 elementor-hidden-mobile\" data-id=\"97c33b3\" data-element_type=\"column\" data-e-type=\"column\">\n\t\t\t<div class=\"elementor-widget-wrap\">\n\t\t\t\t\t\t\t<\/div>\n\t\t<\/div>\n\t\t\t\t\t<\/div>\n\t\t<\/section>\n\t\t\t\t<section class=\"elementor-section elementor-top-section elementor-element elementor-element-e8c2ed5 elementor-section-content-top elementor-section-boxed elementor-section-height-default elementor-section-height-default\" data-id=\"e8c2ed5\" data-element_type=\"section\" data-e-type=\"section\" data-settings=\"{&quot;shape_divider_bottom&quot;:&quot;tilt&quot;}\">\n\t\t\t\t\t<div class=\"elementor-shape elementor-shape-bottom\" aria-hidden=\"true\" data-negative=\"false\">\n\t\t\t<svg xmlns=\"http:\/\/www.w3.org\/2000\/svg\" viewBox=\"0 0 1000 100\" preserveAspectRatio=\"none\">\n\t<path class=\"elementor-shape-fill\" d=\"M0,6V0h1000v100L0,6z\"\/>\n<\/svg>\t\t<\/div>\n\t\t\t\t\t<div class=\"elementor-container elementor-column-gap-wide\">\n\t\t\t\t\t<div class=\"elementor-column elementor-col-50 elementor-top-column elementor-element elementor-element-7b18b76\" data-id=\"7b18b76\" data-element_type=\"column\" data-e-type=\"column\">\n\t\t\t<div class=\"elementor-widget-wrap elementor-element-populated\">\n\t\t\t\t\t\t<div class=\"elementor-element elementor-element-80567f2 elementor-widget elementor-widget-heading\" data-id=\"80567f2\" data-element_type=\"widget\" data-e-type=\"widget\" data-widget_type=\"heading.default\">\n\t\t\t\t<div class=\"elementor-widget-container\">\n\t\t\t\t\t<h2 class=\"elementor-heading-title elementor-size-default\"><a href=\"https:\/\/adam-declic.fr\/en\/devis\/\">Demander un Devis &gt;<\/a><\/h2>\t\t\t\t<\/div>\n\t\t\t\t<\/div>\n\t\t\t\t<div class=\"elementor-element elementor-element-446882e elementor-view-framed elementor-position-inline-end elementor-shape-circle elementor-mobile-position-block-start elementor-widget elementor-widget-icon-box\" data-id=\"446882e\" data-element_type=\"widget\" data-e-type=\"widget\" data-widget_type=\"icon-box.default\">\n\t\t\t\t<div class=\"elementor-widget-container\">\n\t\t\t\t\t\t\t<div class=\"elementor-icon-box-wrapper\">\n\n\t\t\t\t\t\t<div class=\"elementor-icon-box-icon\">\n\t\t\t\t<a href=\"https:\/\/adam-declic.fr\/en\/contact\/\" class=\"elementor-icon\" tabindex=\"-1\" aria-label=\"Ecrire un mail simple\">\n\t\t\t\t<svg aria-hidden=\"true\" class=\"e-font-icon-svg e-fas-envelope\" viewBox=\"0 0 512 512\" xmlns=\"http:\/\/www.w3.org\/2000\/svg\"><path d=\"M502.3 190.8c3.9-3.1 9.7-.2 9.7 4.7V400c0 26.5-21.5 48-48 48H48c-26.5 0-48-21.5-48-48V195.6c0-5 5.7-7.8 9.7-4.7 22.4 17.4 52.1 39.5 154.1 113.6 21.1 15.4 56.7 47.8 92.2 47.6 35.7.3 72-32.8 92.3-47.6 102-74.1 131.6-96.3 154-113.7zM256 320c23.2.4 56.6-29.2 73.4-41.4 132.7-96.3 142.8-104.7 173.4-128.7 5.8-4.5 9.2-11.5 9.2-18.9v-19c0-26.5-21.5-48-48-48H48C21.5 64 0 85.5 0 112v19c0 7.4 3.4 14.3 9.2 18.9 30.6 23.9 40.7 32.4 173.4 128.7 16.8 12.2 50.2 41.8 73.4 41.4z\"><\/path><\/svg>\t\t\t\t<\/a>\n\t\t\t<\/div>\n\t\t\t\n\t\t\t\t\t\t<div class=\"elementor-icon-box-content\">\n\n\t\t\t\t\t\t\t\t\t<span class=\"elementor-icon-box-title\">\n\t\t\t\t\t\t<a href=\"https:\/\/adam-declic.fr\/en\/contact\/\" >\n\t\t\t\t\t\t\tEcrire un mail simple\t\t\t\t\t\t<\/a>\n\t\t\t\t\t<\/span>\n\t\t\t\t\n\t\t\t\t\n\t\t\t<\/div>\n\t\t\t\n\t\t<\/div>\n\t\t\t\t\t\t<\/div>\n\t\t\t\t<\/div>\n\t\t\t\t<div class=\"elementor-element elementor-element-e6bf24c elementor-widget__width-initial elementor-widget elementor-widget-text-editor\" data-id=\"e6bf24c\" data-element_type=\"widget\" data-e-type=\"widget\" data-widget_type=\"text-editor.default\">\n\t\t\t\t<div class=\"elementor-widget-container\">\n\t\t\t\t\t\t\t\t\t<h3><strong>Paul Adam | Adam-D\u00e9clic<\/strong> <strong>Informatique<\/strong><\/h3><p>Interventions physiques en Touraine, Poitou-Charentes et Vend\u00e9e. A distance partout ailleurs.<\/p><p>Je travaille en Fran\u00e7ais, Anglais, Espagnol.<\/p><p>Horaires : Lundi &#8211; vendredi ; 10h-20h, au-del\u00e0 et Week-end si urgence.<\/p><p><strong>T\u00e9l\u00e9phone: <a href=\"tel:0630447017\">06 30 44 70 17<\/a><\/strong><\/p>\t\t\t\t\t\t\t\t<\/div>\n\t\t\t\t<\/div>\n\t\t<div class=\"elementor-element elementor-element-11e5a20 e-con-full e-flex e-con e-child\" data-id=\"11e5a20\" data-element_type=\"container\" data-e-type=\"container\">\n\t\t<div class=\"elementor-element elementor-element-637df81 e-con-full e-flex e-con e-child\" data-id=\"637df81\" data-element_type=\"container\" data-e-type=\"container\">\n\t\t\t\t<div class=\"elementor-element elementor-element-54f2f18 elementor-position-inline-start elementor-view-framed elementor-shape-circle elementor-mobile-position-block-start elementor-widget elementor-widget-icon-box\" data-id=\"54f2f18\" data-element_type=\"widget\" data-e-type=\"widget\" data-widget_type=\"icon-box.default\">\n\t\t\t\t<div class=\"elementor-widget-container\">\n\t\t\t\t\t\t\t<div class=\"elementor-icon-box-wrapper\">\n\n\t\t\t\t\t\t<div class=\"elementor-icon-box-icon\">\n\t\t\t\t<a href=\"https:\/\/fr-fr.facebook.com\/AdamDeclicInformatique\/\" target=\"_blank\" class=\"elementor-icon\" tabindex=\"-1\" aria-label=\"Facebook\">\n\t\t\t\t<svg aria-hidden=\"true\" class=\"e-font-icon-svg e-fab-facebook\" viewBox=\"0 0 512 512\" xmlns=\"http:\/\/www.w3.org\/2000\/svg\"><path d=\"M504 256C504 119 393 8 256 8S8 119 8 256c0 123.78 90.69 226.38 209.25 245V327.69h-63V256h63v-54.64c0-62.15 37-96.48 93.67-96.48 27.14 0 55.52 4.84 55.52 4.84v61h-31.28c-30.8 0-40.41 19.12-40.41 38.73V256h68.78l-11 71.69h-57.78V501C413.31 482.38 504 379.78 504 256z\"><\/path><\/svg>\t\t\t\t<\/a>\n\t\t\t<\/div>\n\t\t\t\n\t\t\t\t\t\t<div class=\"elementor-icon-box-content\">\n\n\t\t\t\t\t\t\t\t\t<div class=\"elementor-icon-box-title\">\n\t\t\t\t\t\t<a href=\"https:\/\/fr-fr.facebook.com\/AdamDeclicInformatique\/\" target=\"_blank\" >\n\t\t\t\t\t\t\tFacebook\t\t\t\t\t\t<\/a>\n\t\t\t\t\t<\/div>\n\t\t\t\t\n\t\t\t\t\n\t\t\t<\/div>\n\t\t\t\n\t\t<\/div>\n\t\t\t\t\t\t<\/div>\n\t\t\t\t<\/div>\n\t\t\t\t<div class=\"elementor-element elementor-element-c9e44f7 elementor-view-framed elementor-position-inline-start elementor-shape-circle elementor-mobile-position-block-start elementor-widget elementor-widget-icon-box\" data-id=\"c9e44f7\" data-element_type=\"widget\" data-e-type=\"widget\" data-widget_type=\"icon-box.default\">\n\t\t\t\t<div class=\"elementor-widget-container\">\n\t\t\t\t\t\t\t<div class=\"elementor-icon-box-wrapper\">\n\n\t\t\t\t\t\t<div class=\"elementor-icon-box-icon\">\n\t\t\t\t<a href=\"tel:0630447017\" class=\"elementor-icon\" tabindex=\"-1\" aria-label=\"Appeler\">\n\t\t\t\t<svg aria-hidden=\"true\" class=\"e-font-icon-svg e-fas-phone-alt\" viewBox=\"0 0 512 512\" xmlns=\"http:\/\/www.w3.org\/2000\/svg\"><path d=\"M497.39 361.8l-112-48a24 24 0 0 0-28 6.9l-49.6 60.6A370.66 370.66 0 0 1 130.6 204.11l60.6-49.6a23.94 23.94 0 0 0 6.9-28l-48-112A24.16 24.16 0 0 0 122.6.61l-104 24A24 24 0 0 0 0 48c0 256.5 207.9 464 464 464a24 24 0 0 0 23.4-18.6l24-104a24.29 24.29 0 0 0-14.01-27.6z\"><\/path><\/svg>\t\t\t\t<\/a>\n\t\t\t<\/div>\n\t\t\t\n\t\t\t\t\t\t<div class=\"elementor-icon-box-content\">\n\n\t\t\t\t\t\t\t\t\t<div class=\"elementor-icon-box-title\">\n\t\t\t\t\t\t<a href=\"tel:0630447017\" >\n\t\t\t\t\t\t\tAppeler\t\t\t\t\t\t<\/a>\n\t\t\t\t\t<\/div>\n\t\t\t\t\n\t\t\t\t\n\t\t\t<\/div>\n\t\t\t\n\t\t<\/div>\n\t\t\t\t\t\t<\/div>\n\t\t\t\t<\/div>\n\t\t\t\t<div class=\"elementor-element elementor-element-eb38b5b elementor-view-framed elementor-position-inline-start elementor-shape-circle elementor-mobile-position-block-start elementor-widget elementor-widget-icon-box\" data-id=\"eb38b5b\" data-element_type=\"widget\" data-e-type=\"widget\" data-widget_type=\"icon-box.default\">\n\t\t\t\t<div class=\"elementor-widget-container\">\n\t\t\t\t\t\t\t<div class=\"elementor-icon-box-wrapper\">\n\n\t\t\t\t\t\t<div class=\"elementor-icon-box-icon\">\n\t\t\t\t<a href=\"https:\/\/t.me\/PaulAdamfr\" class=\"elementor-icon\" tabindex=\"-1\" aria-label=\"Telegram\">\n\t\t\t\t<svg aria-hidden=\"true\" class=\"e-font-icon-svg e-fab-telegram-plane\" viewBox=\"0 0 448 512\" xmlns=\"http:\/\/www.w3.org\/2000\/svg\"><path d=\"M446.7 98.6l-67.6 318.8c-5.1 22.5-18.4 28.1-37.3 17.5l-103-75.9-49.7 47.8c-5.5 5.5-10.1 10.1-20.7 10.1l7.4-104.9 190.9-172.5c8.3-7.4-1.8-11.5-12.9-4.1L117.8 284 16.2 252.2c-22.1-6.9-22.5-22.1 4.6-32.7L418.2 66.4c18.4-6.9 34.5 4.1 28.5 32.2z\"><\/path><\/svg>\t\t\t\t<\/a>\n\t\t\t<\/div>\n\t\t\t\n\t\t\t\t\t\t<div class=\"elementor-icon-box-content\">\n\n\t\t\t\t\t\t\t\t\t<div class=\"elementor-icon-box-title\">\n\t\t\t\t\t\t<a href=\"https:\/\/t.me\/PaulAdamfr\" >\n\t\t\t\t\t\t\tTelegram\t\t\t\t\t\t<\/a>\n\t\t\t\t\t<\/div>\n\t\t\t\t\n\t\t\t\t\n\t\t\t<\/div>\n\t\t\t\n\t\t<\/div>\n\t\t\t\t\t\t<\/div>\n\t\t\t\t<\/div>\n\t\t\t\t<\/div>\n\t\t\t\t<div class=\"elementor-element elementor-element-9e89325 elementor-view-framed elementor-position-inline-start elementor-shape-circle elementor-mobile-position-block-start elementor-widget elementor-widget-icon-box\" data-id=\"9e89325\" data-element_type=\"widget\" data-e-type=\"widget\" data-widget_type=\"icon-box.default\">\n\t\t\t\t<div class=\"elementor-widget-container\">\n\t\t\t\t\t\t\t<div class=\"elementor-icon-box-wrapper\">\n\n\t\t\t\t\t\t<div class=\"elementor-icon-box-icon\">\n\t\t\t\t<a href=\"https:\/\/adam-declic.fr\/en\/contact\/\" class=\"elementor-icon\" tabindex=\"-1\" aria-label=\"Ecrire\">\n\t\t\t\t<svg aria-hidden=\"true\" class=\"e-font-icon-svg e-fas-envelope\" viewBox=\"0 0 512 512\" xmlns=\"http:\/\/www.w3.org\/2000\/svg\"><path d=\"M502.3 190.8c3.9-3.1 9.7-.2 9.7 4.7V400c0 26.5-21.5 48-48 48H48c-26.5 0-48-21.5-48-48V195.6c0-5 5.7-7.8 9.7-4.7 22.4 17.4 52.1 39.5 154.1 113.6 21.1 15.4 56.7 47.8 92.2 47.6 35.7.3 72-32.8 92.3-47.6 102-74.1 131.6-96.3 154-113.7zM256 320c23.2.4 56.6-29.2 73.4-41.4 132.7-96.3 142.8-104.7 173.4-128.7 5.8-4.5 9.2-11.5 9.2-18.9v-19c0-26.5-21.5-48-48-48H48C21.5 64 0 85.5 0 112v19c0 7.4 3.4 14.3 9.2 18.9 30.6 23.9 40.7 32.4 173.4 128.7 16.8 12.2 50.2 41.8 73.4 41.4z\"><\/path><\/svg>\t\t\t\t<\/a>\n\t\t\t<\/div>\n\t\t\t\n\t\t\t\t\t\t<div class=\"elementor-icon-box-content\">\n\n\t\t\t\t\t\t\t\t\t<span class=\"elementor-icon-box-title\">\n\t\t\t\t\t\t<a href=\"https:\/\/adam-declic.fr\/en\/contact\/\" >\n\t\t\t\t\t\t\tEcrire\t\t\t\t\t\t<\/a>\n\t\t\t\t\t<\/span>\n\t\t\t\t\n\t\t\t\t\n\t\t\t<\/div>\n\t\t\t\n\t\t<\/div>\n\t\t\t\t\t\t<\/div>\n\t\t\t\t<\/div>\n\t\t\t\t<\/div>\n\t\t\t\t\t<\/div>\n\t\t<\/div>\n\t\t\t\t<div class=\"elementor-column elementor-col-50 elementor-top-column elementor-element elementor-element-623d721\" data-id=\"623d721\" data-element_type=\"column\" data-e-type=\"column\">\n\t\t\t<div class=\"elementor-widget-wrap elementor-element-populated\">\n\t\t\t\t\t\t<div class=\"elementor-element elementor-element-a93334b elementor-widget elementor-widget-shortcode\" data-id=\"a93334b\" data-element_type=\"widget\" data-e-type=\"widget\" data-widget_type=\"shortcode.default\">\n\t\t\t\t<div class=\"elementor-widget-container\">\n\t\t\t\t\t\t\t<div class=\"elementor-shortcode\"><div class=\"everest-forms\"><div class=\"evf-container default\" id=\"evf-357\"><form id=\"evf-form-357\" class=\"everest-form\" data-formid=\"357\" data-ajax_submission=\"1\" data-keyboard_friendly_form=\"0\" data-form_state_type=\"\" method=\"post\" enctype=\"multipart\/form-data\" action=\"\/en\/wp-json\/wp\/v2\/pages\/1541\"><div class=\"evf-field-container\"><input type=\"hidden\" id=\"_wpnonce357\" name=\"_wpnonce357\" value=\"5a2c558de4\" \/><input type=\"hidden\" name=\"_wp_http_referer\" value=\"\/en\/wp-json\/wp\/v2\/pages\/1541\" \/><div class=\"evf-frontend-row\" data-row=\"row_1\" conditional_rules=\"[]\"><div class=\"evf-frontend-grid evf-grid-1\" data-grid=\"grid_1\"><div id=\"evf-357-field_fullname-container\" class=\"evf-field evf-field-text form-row validate-required\" data-required-field-message=\"ce champ est n\u00e9cessaire\" data-field-id=\"fullname\"><label class=\"evf-field-label\" for=\"evf-357-field_fullname\"><span class=\"evf-label\">Nom<\/span> <abbr class=\"required\" title=\"Required\">*<\/abbr><\/label><input type=\"text\" id=\"evf-357-field_fullname\" class=\"input-text\" name=\"everest_forms[form_fields][fullname]\" required><\/div><div id=\"evf-357-field_86LQbWi1Uz-3-container\" class=\"evf-field evf-field-first-name form-row\" data-field-id=\"86LQbWi1Uz-3\"><label class=\"evf-field-label\" for=\"evf-357-field_86LQbWi1Uz-3\"><span class=\"evf-label\">Pr\u00e9nom<\/span> <\/label><input type=\"text\" id=\"evf-357-field_86LQbWi1Uz-3\" class=\"input-text\" name=\"everest_forms[form_fields][86LQbWi1Uz-3]\" ><\/div><div id=\"evf-357-field_email-container\" class=\"evf-field evf-field-email form-row validate-required validate-email\" data-required-field-message=\"renseigner votre adresse email\" data-field-id=\"email\"><label class=\"evf-field-label\" for=\"evf-357-field_email\"><span class=\"evf-label\">Email<\/span> <abbr class=\"required\" title=\"Required\">*<\/abbr><\/label><input type=\"email\" id=\"evf-357-field_email\" class=\"input-text\" name=\"everest_forms[form_fields][email]\" required ><\/div><div id=\"evf-357-field_HJgpdzm9rJ-7-container\" class=\"evf-field evf-field-text form-row\" data-field-id=\"HJgpdzm9rJ-7\"><label class=\"evf-field-label\" for=\"evf-357-field_HJgpdzm9rJ-7\"><span class=\"evf-label\">N\u00b0 de T\u00e9l\u00e9phone<\/span> <\/label><input type=\"text\" id=\"evf-357-field_HJgpdzm9rJ-7\" class=\"input-text\" name=\"everest_forms[form_fields][HJgpdzm9rJ-7]\" ><\/div><div id=\"evf-357-field_cdLxdxAD1n-1-container\" class=\"evf-field evf-field-radio form-row validate-required\" data-required-field-message=\"ce champ est n\u00e9cessaire\" data-field-id=\"cdLxdxAD1n-1\"><label class=\"evf-field-label\" for=\"evf-357-field_cdLxdxAD1n-1\"><span class=\"evf-label\">Votre demande concerne : <\/span> <abbr class=\"required\" title=\"Required\">*<\/abbr><\/label><ul id=\"evf-357-field_cdLxdxAD1n-1\" class=\" evf-field-required\"><li class=\"choice-1 depth-1\"><input type=\"radio\" id=\"evf-357-field_cdLxdxAD1n-1_1\" class=\"input-text\" name=\"everest_forms[form_fields][cdLxdxAD1n-1]\" value=\"Ordinateur\" required ><label class=\"everest-forms-field-label-inline\" for=\"evf-357-field_cdLxdxAD1n-1_1\">Ordinateur<\/label><\/li><li class=\"choice-2 depth-1\"><input type=\"radio\" id=\"evf-357-field_cdLxdxAD1n-1_2\" class=\"input-text\" name=\"everest_forms[form_fields][cdLxdxAD1n-1]\" value=\"smartphone\" required ><label class=\"everest-forms-field-label-inline\" for=\"evf-357-field_cdLxdxAD1n-1_2\">smartphone<\/label><\/li><li class=\"choice-3 depth-1\"><input type=\"radio\" id=\"evf-357-field_cdLxdxAD1n-1_3\" class=\"input-text\" name=\"everest_forms[form_fields][cdLxdxAD1n-1]\" value=\"Tablette\" required ><label class=\"everest-forms-field-label-inline\" for=\"evf-357-field_cdLxdxAD1n-1_3\">Tablette<\/label><\/li><li class=\"choice-4 depth-1\"><input type=\"radio\" id=\"evf-357-field_cdLxdxAD1n-1_4\" class=\"input-text\" name=\"everest_forms[form_fields][cdLxdxAD1n-1]\" value=\"Webmastering\" required ><label class=\"everest-forms-field-label-inline\" for=\"evf-357-field_cdLxdxAD1n-1_4\">Webmastering<\/label><\/li><li class=\"choice-5 depth-1\"><input type=\"radio\" id=\"evf-357-field_cdLxdxAD1n-1_5\" class=\"input-text\" name=\"everest_forms[form_fields][cdLxdxAD1n-1]\" value=\"Autre\" required ><label class=\"everest-forms-field-label-inline\" for=\"evf-357-field_cdLxdxAD1n-1_5\">Autre<\/label><\/li><\/ul><\/div><div id=\"evf-357-field_6MAepvd3YK-2-container\" class=\"evf-field evf-field-text form-row validate-required\" data-required-field-message=\"ce champ est n\u00e9cessaire\" data-field-id=\"6MAepvd3YK-2\"><label class=\"evf-field-label\" for=\"evf-357-field_6MAepvd3YK-2\"><span class=\"evf-label\">Marque du mat\u00e9riel \u00e0 prendre en charge : <\/span> <abbr class=\"required\" title=\"Required\">*<\/abbr><\/label><input type=\"text\" id=\"evf-357-field_6MAepvd3YK-2\" class=\"input-text\" name=\"everest_forms[form_fields][6MAepvd3YK-2]\" required><div class=\"evf-field-description\">Ou adresse du site web dans le cas d'une demande de devis webmastering. <\/div><\/div><div id=\"evf-357-field_subject-container\" class=\"evf-field evf-field-text form-row\" data-field-id=\"subject\"><label class=\"evf-field-label\" for=\"evf-357-field_subject\"><span class=\"evf-label\">R\u00e9f\u00e9rence exacte de votre mat\u00e9riel<\/span> <\/label><input type=\"text\" id=\"evf-357-field_subject\" class=\"input-text\" name=\"everest_forms[form_fields][subject]\" ><div class=\"evf-field-description\">Merci de renseigner la r\u00e9f\u00e9rence tr\u00e8s pr\u00e9cise de votre mat\u00e9riel. Celle-ci se trouve sur une \u00e9tiquette sous l'ordinateur, \u00e0 l'arri\u00e8re de votre t\u00e9l\u00e9phone \/ tablette ou dans les param\u00e8tres. <\/div><\/div><div id=\"evf-357-field_message-container\" class=\"evf-field evf-field-textarea form-row validate-required\" data-required-field-message=\"ce champ est n\u00e9cessaire\" data-field-id=\"message\"><label class=\"evf-field-label\" for=\"evf-357-field_message\"><span class=\"evf-label\">Expliquez-moi votre panne : <\/span> <abbr class=\"required\" title=\"Required\">*<\/abbr><\/label><textarea id=\"evf-357-field_message\" class=\"input-text\" name=\"everest_forms[form_fields][message]\" required ><\/textarea><div class=\"evf-field-description\">nature de la panne, conditions dans lesquelles cette panne est survenue...<\/div><\/div><\/div><\/div><\/div><div class=\"evf-recaptcha-container recaptcha-hidden\" style=\"display:block\"><input type=\"hidden\" name=\"everest_forms[recaptcha]\" value=\"\"><\/div><div class=\"evf-submit-container \" ><input type=\"hidden\" name=\"everest_forms[id]\" value=\"357\"><input type=\"hidden\" name=\"everest_forms[author]\" value=\"2\"><button type='submit' name='everest_forms[submit]' class='everest-forms-submit-button button evf-submit ' id='evf-submit-357' value='evf-submit' data-process-text=\"En cours de traitement\u2026\" conditional_rules='&quot;&quot;' conditional_id='evf-submit-357'  id=\"evf-submit-357\" aria-live=\"assertive\">Envoi<\/button><\/div><\/form><\/div><!-- .evf-container --><\/div><\/div>\n\t\t\t\t\t\t<\/div>\n\t\t\t\t<\/div>\n\t\t\t\t\t<\/div>\n\t\t<\/div>\n\t\t\t\t\t<\/div>\n\t\t<\/section>\n\t\t\t\t<\/div>\n\t\t","protected":false},"excerpt":{"rendered":"<p>Demander un Devis &gt; Ecrire un mail simple Paul Adam | Adam-D\u00e9clic Informatique Interventions physiques en Touraine, Poitou-Charentes et Vend\u00e9e. A distance partout ailleurs. Je travaille en Fran\u00e7ais, Anglais, Espagnol. Horaires : Lundi &#8211; vendredi ; 10h-20h, au-del\u00e0 et Week-end si urgence. T\u00e9l\u00e9phone: 06 30 44 70 17 Facebook Appeler Telegram Ecrire<\/p>","protected":false},"author":2,"featured_media":0,"parent":0,"menu_order":0,"comment_status":"closed","ping_status":"closed","template":"elementor_theme","meta":{"footnotes":""},"class_list":["post-1541","page","type-page","status-publish","hentry"],"yoast_head":"<!-- This site is optimized with the Yoast SEO plugin v27.3 - https:\/\/yoast.com\/product\/yoast-seo-wordpress\/ -->\n<title>Devis - Adam-d\u00e9clic Informatique<\/title>\n<meta name=\"robots\" content=\"index, follow, max-snippet:-1, max-image-preview:large, max-video-preview:-1\" \/>\n<link rel=\"canonical\" href=\"https:\/\/adam-declic.fr\/en\/devis\/\" \/>\n<script type=\"application\/ld+json\" class=\"yoast-schema-graph\">{\"@context\":\"https:\\\/\\\/schema.org\",\"@graph\":[{\"@type\":\"WebPage\",\"@id\":\"https:\\\/\\\/adam-declic.fr\\\/devis\\\/\",\"url\":\"https:\\\/\\\/adam-declic.fr\\\/devis\\\/\",\"name\":\"Devis - Adam-d\u00e9clic Informatique\",\"isPartOf\":{\"@id\":\"https:\\\/\\\/adam-declic.fr\\\/#website\"},\"datePublished\":\"2020-05-11T01:47:44+00:00\",\"dateModified\":\"2025-10-23T21:01:52+00:00\",\"breadcrumb\":{\"@id\":\"https:\\\/\\\/adam-declic.fr\\\/devis\\\/#breadcrumb\"},\"inLanguage\":\"en-GB\",\"potentialAction\":[{\"@type\":\"ReadAction\",\"target\":[\"https:\\\/\\\/adam-declic.fr\\\/devis\\\/\"]}]},{\"@type\":\"BreadcrumbList\",\"@id\":\"https:\\\/\\\/adam-declic.fr\\\/devis\\\/#breadcrumb\",\"itemListElement\":[{\"@type\":\"ListItem\",\"position\":1,\"name\":\"Accueil\",\"item\":\"https:\\\/\\\/adam-declic.fr\\\/\"},{\"@type\":\"ListItem\",\"position\":2,\"name\":\"Devis\"}]},{\"@type\":\"WebSite\",\"@id\":\"https:\\\/\\\/adam-declic.fr\\\/#website\",\"url\":\"https:\\\/\\\/adam-declic.fr\\\/\",\"name\":\"Adam-d\u00e9clic Informatique\",\"description\":\"Votre couteau suisse informatique\",\"publisher\":{\"@id\":\"https:\\\/\\\/adam-declic.fr\\\/#organization\"},\"potentialAction\":[{\"@type\":\"SearchAction\",\"target\":{\"@type\":\"EntryPoint\",\"urlTemplate\":\"https:\\\/\\\/adam-declic.fr\\\/?s={search_term_string}\"},\"query-input\":{\"@type\":\"PropertyValueSpecification\",\"valueRequired\":true,\"valueName\":\"search_term_string\"}}],\"inLanguage\":\"en-GB\"},{\"@type\":\"Organization\",\"@id\":\"https:\\\/\\\/adam-declic.fr\\\/#organization\",\"name\":\"Adam-declic.fr\",\"alternateName\":\"ADI\",\"url\":\"https:\\\/\\\/adam-declic.fr\\\/\",\"logo\":{\"@type\":\"ImageObject\",\"inLanguage\":\"en-GB\",\"@id\":\"https:\\\/\\\/adam-declic.fr\\\/#\\\/schema\\\/logo\\\/image\\\/\",\"url\":\"https:\\\/\\\/adam-declic.fr\\\/wp-content\\\/uploads\\\/services-informatiques-reparations-poitou-charentes-touraine-logoADI2.png\",\"contentUrl\":\"https:\\\/\\\/adam-declic.fr\\\/wp-content\\\/uploads\\\/services-informatiques-reparations-poitou-charentes-touraine-logoADI2.png\",\"width\":416,\"height\":113,\"caption\":\"Adam-declic.fr\"},\"image\":{\"@id\":\"https:\\\/\\\/adam-declic.fr\\\/#\\\/schema\\\/logo\\\/image\\\/\"}}]}<\/script>\n<!-- \/ Yoast SEO plugin. -->","yoast_head_json":{"title":"Devis - Adam-d\u00e9clic Informatique","robots":{"index":"index","follow":"follow","max-snippet":"max-snippet:-1","max-image-preview":"max-image-preview:large","max-video-preview":"max-video-preview:-1"},"canonical":"https:\/\/adam-declic.fr\/en\/devis\/","schema":{"@context":"https:\/\/schema.org","@graph":[{"@type":"WebPage","@id":"https:\/\/adam-declic.fr\/devis\/","url":"https:\/\/adam-declic.fr\/devis\/","name":"Devis - Adam-d\u00e9clic Informatique","isPartOf":{"@id":"https:\/\/adam-declic.fr\/#website"},"datePublished":"2020-05-11T01:47:44+00:00","dateModified":"2025-10-23T21:01:52+00:00","breadcrumb":{"@id":"https:\/\/adam-declic.fr\/devis\/#breadcrumb"},"inLanguage":"en-GB","potentialAction":[{"@type":"ReadAction","target":["https:\/\/adam-declic.fr\/devis\/"]}]},{"@type":"BreadcrumbList","@id":"https:\/\/adam-declic.fr\/devis\/#breadcrumb","itemListElement":[{"@type":"ListItem","position":1,"name":"Accueil","item":"https:\/\/adam-declic.fr\/"},{"@type":"ListItem","position":2,"name":"Devis"}]},{"@type":"WebSite","@id":"https:\/\/adam-declic.fr\/#website","url":"https:\/\/adam-declic.fr\/","name":"Adam-d\u00e9clic Informatique","description":"Votre couteau suisse informatique","publisher":{"@id":"https:\/\/adam-declic.fr\/#organization"},"potentialAction":[{"@type":"SearchAction","target":{"@type":"EntryPoint","urlTemplate":"https:\/\/adam-declic.fr\/?s={search_term_string}"},"query-input":{"@type":"PropertyValueSpecification","valueRequired":true,"valueName":"search_term_string"}}],"inLanguage":"en-GB"},{"@type":"Organization","@id":"https:\/\/adam-declic.fr\/#organization","name":"Adam-declic.fr","alternateName":"ADI","url":"https:\/\/adam-declic.fr\/","logo":{"@type":"ImageObject","inLanguage":"en-GB","@id":"https:\/\/adam-declic.fr\/#\/schema\/logo\/image\/","url":"https:\/\/adam-declic.fr\/wp-content\/uploads\/services-informatiques-reparations-poitou-charentes-touraine-logoADI2.png","contentUrl":"https:\/\/adam-declic.fr\/wp-content\/uploads\/services-informatiques-reparations-poitou-charentes-touraine-logoADI2.png","width":416,"height":113,"caption":"Adam-declic.fr"},"image":{"@id":"https:\/\/adam-declic.fr\/#\/schema\/logo\/image\/"}}]}},"_links":{"self":[{"href":"https:\/\/adam-declic.fr\/en\/wp-json\/wp\/v2\/pages\/1541","targetHints":{"allow":["GET"]}}],"collection":[{"href":"https:\/\/adam-declic.fr\/en\/wp-json\/wp\/v2\/pages"}],"about":[{"href":"https:\/\/adam-declic.fr\/en\/wp-json\/wp\/v2\/types\/page"}],"author":[{"embeddable":true,"href":"https:\/\/adam-declic.fr\/en\/wp-json\/wp\/v2\/users\/2"}],"replies":[{"embeddable":true,"href":"https:\/\/adam-declic.fr\/en\/wp-json\/wp\/v2\/comments?post=1541"}],"version-history":[{"count":61,"href":"https:\/\/adam-declic.fr\/en\/wp-json\/wp\/v2\/pages\/1541\/revisions"}],"predecessor-version":[{"id":12267,"href":"https:\/\/adam-declic.fr\/en\/wp-json\/wp\/v2\/pages\/1541\/revisions\/12267"}],"wp:attachment":[{"href":"https:\/\/adam-declic.fr\/en\/wp-json\/wp\/v2\/media?parent=1541"}],"curies":[{"name":"wp","href":"https:\/\/api.w.org\/{rel}","templated":true}]}}