{"id":165,"date":"2020-01-30T02:01:00","date_gmt":"2020-01-30T01:01:00","guid":{"rendered":"http:\/\/adam-declic.fr\/?page_id=165"},"modified":"2025-06-11T19:35:08","modified_gmt":"2025-06-11T17:35:08","slug":"contact","status":"publish","type":"page","link":"https:\/\/adam-declic.fr\/en\/contact\/","title":{"rendered":"Contact"},"content":{"rendered":"\t\t<div data-elementor-type=\"wp-page\" data-elementor-id=\"165\" class=\"elementor elementor-165\" data-elementor-post-type=\"page\">\n\t\t\t\t\t\t<section class=\"elementor-section elementor-top-section elementor-element elementor-element-0a7dffc elementor-section-boxed elementor-section-height-default elementor-section-height-default\" data-id=\"0a7dffc\" data-element_type=\"section\" data-e-type=\"section\" data-settings=\"{&quot;shape_divider_top&quot;:&quot;tilt&quot;}\">\n\t\t\t\t\t<div class=\"elementor-shape elementor-shape-top\" aria-hidden=\"true\" data-negative=\"false\">\n\t\t\t<svg xmlns=\"http:\/\/www.w3.org\/2000\/svg\" viewBox=\"0 0 1000 100\" preserveAspectRatio=\"none\">\n\t<path class=\"elementor-shape-fill\" d=\"M0,6V0h1000v100L0,6z\"\/>\n<\/svg>\t\t<\/div>\n\t\t\t\t\t<div class=\"elementor-container elementor-column-gap-wide\">\n\t\t\t\t\t<div class=\"elementor-column elementor-col-100 elementor-top-column elementor-element elementor-element-31bf05c elementor-hidden-mobile\" data-id=\"31bf05c\" data-element_type=\"column\" data-e-type=\"column\">\n\t\t\t<div class=\"elementor-widget-wrap\">\n\t\t\t\t\t\t\t<\/div>\n\t\t<\/div>\n\t\t\t\t\t<\/div>\n\t\t<\/section>\n\t\t<div class=\"elementor-element elementor-element-2dced62 e-flex e-con-boxed e-con e-parent\" data-id=\"2dced62\" data-element_type=\"container\" data-e-type=\"container\" data-settings=\"{&quot;shape_divider_bottom&quot;:&quot;tilt&quot;}\">\n\t\t\t\t\t<div class=\"e-con-inner\">\n\t\t\t\t<div class=\"elementor-shape elementor-shape-bottom\" aria-hidden=\"true\" data-negative=\"false\">\n\t\t\t<svg xmlns=\"http:\/\/www.w3.org\/2000\/svg\" viewBox=\"0 0 1000 100\" preserveAspectRatio=\"none\">\n\t<path class=\"elementor-shape-fill\" d=\"M0,6V0h1000v100L0,6z\"\/>\n<\/svg>\t\t<\/div>\n\t\t<div class=\"elementor-element elementor-element-1da84ce e-con-full e-flex e-con e-child\" data-id=\"1da84ce\" data-element_type=\"container\" data-e-type=\"container\">\n\t\t\t\t<div class=\"elementor-element elementor-element-9983620 elementor-widget elementor-widget-text-editor\" data-id=\"9983620\" data-element_type=\"widget\" data-e-type=\"widget\" data-widget_type=\"text-editor.default\">\n\t\t\t\t<div class=\"elementor-widget-container\">\n\t\t\t\t\t\t\t\t\t<h3><strong>Paul Adam | Adam-D\u00e9clic<\/strong> <strong>Informatique<\/strong><\/h3><p>Interventions physiques en Touraine, Poitou-Charentes et Vend\u00e9e. A distance partout ailleurs.<\/p><p>Je travaille en Fran\u00e7ais, Anglais, Espagnol.<\/p><p>Horaires : Lundi &#8211; vendredi ; 10h-20h, au-del\u00e0 et Week-end si urgence.<\/p><p><strong>T\u00e9l\u00e9phone: <a href=\"tel:0630447017\">06 30 44 70 17<\/a> <\/strong><\/p>\t\t\t\t\t\t\t\t<\/div>\n\t\t\t\t<\/div>\n\t\t<div class=\"elementor-element elementor-element-46c0dbf e-con-full e-flex e-con e-child\" data-id=\"46c0dbf\" data-element_type=\"container\" data-e-type=\"container\">\n\t\t\t\t<div class=\"elementor-element elementor-element-520c951 elementor-view-framed elementor-position-inline-start elementor-widget__width-auto elementor-shape-circle elementor-mobile-position-block-start elementor-widget elementor-widget-icon-box\" data-id=\"520c951\" data-element_type=\"widget\" data-e-type=\"widget\" data-widget_type=\"icon-box.default\">\n\t\t\t\t<div class=\"elementor-widget-container\">\n\t\t\t\t\t\t\t<div class=\"elementor-icon-box-wrapper\">\n\n\t\t\t\t\t\t<div class=\"elementor-icon-box-icon\">\n\t\t\t\t<a href=\"tel:0630447017\" class=\"elementor-icon\" tabindex=\"-1\" aria-label=\"Appeler\">\n\t\t\t\t<svg aria-hidden=\"true\" class=\"e-font-icon-svg e-fas-phone-alt\" viewBox=\"0 0 512 512\" xmlns=\"http:\/\/www.w3.org\/2000\/svg\"><path d=\"M497.39 361.8l-112-48a24 24 0 0 0-28 6.9l-49.6 60.6A370.66 370.66 0 0 1 130.6 204.11l60.6-49.6a23.94 23.94 0 0 0 6.9-28l-48-112A24.16 24.16 0 0 0 122.6.61l-104 24A24 24 0 0 0 0 48c0 256.5 207.9 464 464 464a24 24 0 0 0 23.4-18.6l24-104a24.29 24.29 0 0 0-14.01-27.6z\"><\/path><\/svg>\t\t\t\t<\/a>\n\t\t\t<\/div>\n\t\t\t\n\t\t\t\t\t\t<div class=\"elementor-icon-box-content\">\n\n\t\t\t\t\t\t\t\t\t<span class=\"elementor-icon-box-title\">\n\t\t\t\t\t\t<a href=\"tel:0630447017\" >\n\t\t\t\t\t\t\tAppeler\t\t\t\t\t\t<\/a>\n\t\t\t\t\t<\/span>\n\t\t\t\t\n\t\t\t\t\n\t\t\t<\/div>\n\t\t\t\n\t\t<\/div>\n\t\t\t\t\t\t<\/div>\n\t\t\t\t<\/div>\n\t\t\t\t<div class=\"elementor-element elementor-element-f000f88 elementor-position-inline-start elementor-view-framed elementor-widget__width-auto elementor-shape-circle elementor-mobile-position-block-start elementor-widget elementor-widget-icon-box\" data-id=\"f000f88\" data-element_type=\"widget\" data-e-type=\"widget\" data-widget_type=\"icon-box.default\">\n\t\t\t\t<div class=\"elementor-widget-container\">\n\t\t\t\t\t\t\t<div class=\"elementor-icon-box-wrapper\">\n\n\t\t\t\t\t\t<div class=\"elementor-icon-box-icon\">\n\t\t\t\t<a href=\"http:\/\/adam-declic.fr\/devis\/\" class=\"elementor-icon\" tabindex=\"-1\" aria-label=\"Demande devis\">\n\t\t\t\t<svg aria-hidden=\"true\" class=\"e-font-icon-svg e-far-list-alt\" viewBox=\"0 0 512 512\" xmlns=\"http:\/\/www.w3.org\/2000\/svg\"><path d=\"M464 32H48C21.49 32 0 53.49 0 80v352c0 26.51 21.49 48 48 48h416c26.51 0 48-21.49 48-48V80c0-26.51-21.49-48-48-48zm-6 400H54a6 6 0 0 1-6-6V86a6 6 0 0 1 6-6h404a6 6 0 0 1 6 6v340a6 6 0 0 1-6 6zm-42-92v24c0 6.627-5.373 12-12 12H204c-6.627 0-12-5.373-12-12v-24c0-6.627 5.373-12 12-12h200c6.627 0 12 5.373 12 12zm0-96v24c0 6.627-5.373 12-12 12H204c-6.627 0-12-5.373-12-12v-24c0-6.627 5.373-12 12-12h200c6.627 0 12 5.373 12 12zm0-96v24c0 6.627-5.373 12-12 12H204c-6.627 0-12-5.373-12-12v-24c0-6.627 5.373-12 12-12h200c6.627 0 12 5.373 12 12zm-252 12c0 19.882-16.118 36-36 36s-36-16.118-36-36 16.118-36 36-36 36 16.118 36 36zm0 96c0 19.882-16.118 36-36 36s-36-16.118-36-36 16.118-36 36-36 36 16.118 36 36zm0 96c0 19.882-16.118 36-36 36s-36-16.118-36-36 16.118-36 36-36 36 16.118 36 36z\"><\/path><\/svg>\t\t\t\t<\/a>\n\t\t\t<\/div>\n\t\t\t\n\t\t\t\t\t\t<div class=\"elementor-icon-box-content\">\n\n\t\t\t\t\t\t\t\t\t<span class=\"elementor-icon-box-title\">\n\t\t\t\t\t\t<a href=\"http:\/\/adam-declic.fr\/devis\/\" >\n\t\t\t\t\t\t\tDemande devis\t\t\t\t\t\t<\/a>\n\t\t\t\t\t<\/span>\n\t\t\t\t\n\t\t\t\t\n\t\t\t<\/div>\n\t\t\t\n\t\t<\/div>\n\t\t\t\t\t\t<\/div>\n\t\t\t\t<\/div>\n\t\t\t\t<div class=\"elementor-element elementor-element-18113c3 elementor-view-framed elementor-position-inline-start elementor-widget__width-auto elementor-shape-circle elementor-mobile-position-block-start elementor-widget elementor-widget-icon-box\" data-id=\"18113c3\" data-element_type=\"widget\" data-e-type=\"widget\" data-widget_type=\"icon-box.default\">\n\t\t\t\t<div class=\"elementor-widget-container\">\n\t\t\t\t\t\t\t<div class=\"elementor-icon-box-wrapper\">\n\n\t\t\t\t\t\t<div class=\"elementor-icon-box-icon\">\n\t\t\t\t<a href=\"https:\/\/t.me\/PaulAdamfr\" class=\"elementor-icon\" tabindex=\"-1\" aria-label=\"Telegram\">\n\t\t\t\t<svg aria-hidden=\"true\" class=\"e-font-icon-svg e-fab-telegram-plane\" viewBox=\"0 0 448 512\" xmlns=\"http:\/\/www.w3.org\/2000\/svg\"><path d=\"M446.7 98.6l-67.6 318.8c-5.1 22.5-18.4 28.1-37.3 17.5l-103-75.9-49.7 47.8c-5.5 5.5-10.1 10.1-20.7 10.1l7.4-104.9 190.9-172.5c8.3-7.4-1.8-11.5-12.9-4.1L117.8 284 16.2 252.2c-22.1-6.9-22.5-22.1 4.6-32.7L418.2 66.4c18.4-6.9 34.5 4.1 28.5 32.2z\"><\/path><\/svg>\t\t\t\t<\/a>\n\t\t\t<\/div>\n\t\t\t\n\t\t\t\t\t\t<div class=\"elementor-icon-box-content\">\n\n\t\t\t\t\t\t\t\t\t<span class=\"elementor-icon-box-title\">\n\t\t\t\t\t\t<a href=\"https:\/\/t.me\/PaulAdamfr\" >\n\t\t\t\t\t\t\tTelegram\t\t\t\t\t\t<\/a>\n\t\t\t\t\t<\/span>\n\t\t\t\t\n\t\t\t\t\n\t\t\t<\/div>\n\t\t\t\n\t\t<\/div>\n\t\t\t\t\t\t<\/div>\n\t\t\t\t<\/div>\n\t\t\t\t<div class=\"elementor-element elementor-element-e7336d5 elementor-position-inline-start elementor-widget__width-auto elementor-view-framed elementor-shape-circle elementor-mobile-position-block-start elementor-widget elementor-widget-icon-box\" data-id=\"e7336d5\" data-element_type=\"widget\" data-e-type=\"widget\" data-widget_type=\"icon-box.default\">\n\t\t\t\t<div class=\"elementor-widget-container\">\n\t\t\t\t\t\t\t<div class=\"elementor-icon-box-wrapper\">\n\n\t\t\t\t\t\t<div class=\"elementor-icon-box-icon\">\n\t\t\t\t<a href=\"https:\/\/fr-fr.facebook.com\/AdamDeclicInformatique\/\" target=\"_blank\" class=\"elementor-icon\" tabindex=\"-1\" aria-label=\"Facebook\">\n\t\t\t\t<svg aria-hidden=\"true\" class=\"e-font-icon-svg e-fab-facebook\" viewBox=\"0 0 512 512\" xmlns=\"http:\/\/www.w3.org\/2000\/svg\"><path d=\"M504 256C504 119 393 8 256 8S8 119 8 256c0 123.78 90.69 226.38 209.25 245V327.69h-63V256h63v-54.64c0-62.15 37-96.48 93.67-96.48 27.14 0 55.52 4.84 55.52 4.84v61h-31.28c-30.8 0-40.41 19.12-40.41 38.73V256h68.78l-11 71.69h-57.78V501C413.31 482.38 504 379.78 504 256z\"><\/path><\/svg>\t\t\t\t<\/a>\n\t\t\t<\/div>\n\t\t\t\n\t\t\t\t\t\t<div class=\"elementor-icon-box-content\">\n\n\t\t\t\t\t\t\t\t\t<span class=\"elementor-icon-box-title\">\n\t\t\t\t\t\t<a href=\"https:\/\/fr-fr.facebook.com\/AdamDeclicInformatique\/\" target=\"_blank\" >\n\t\t\t\t\t\t\tFacebook\t\t\t\t\t\t<\/a>\n\t\t\t\t\t<\/span>\n\t\t\t\t\n\t\t\t\t\n\t\t\t<\/div>\n\t\t\t\n\t\t<\/div>\n\t\t\t\t\t\t<\/div>\n\t\t\t\t<\/div>\n\t\t\t\t<\/div>\n\t\t<div class=\"elementor-element elementor-element-f3a222c e-con-full e-flex e-con e-child\" data-id=\"f3a222c\" data-element_type=\"container\" data-e-type=\"container\">\n\t\t\t\t<div class=\"elementor-element elementor-element-dd0fafb elementor-widget elementor-widget-text-editor\" data-id=\"dd0fafb\" data-element_type=\"widget\" data-e-type=\"widget\" data-widget_type=\"text-editor.default\">\n\t\t\t\t<div class=\"elementor-widget-container\">\n\t\t\t\t\t\t\t\t\tPartenariat : <a href=\"https:\/\/www.jesuisnumerique.fr\">jesuisnumerique.fr<\/a>\t\t\t\t\t\t\t\t<\/div>\n\t\t\t\t<\/div>\n\t\t\t\t<\/div>\n\t\t\t\t<\/div>\n\t\t<div class=\"elementor-element elementor-element-205059f e-con-full e-flex e-con e-child\" data-id=\"205059f\" data-element_type=\"container\" data-e-type=\"container\">\n\t\t\t\t<div class=\"elementor-element elementor-element-472d265 elementor-widget elementor-widget-shortcode\" data-id=\"472d265\" data-element_type=\"widget\" data-e-type=\"widget\" data-widget_type=\"shortcode.default\">\n\t\t\t\t<div class=\"elementor-widget-container\">\n\t\t\t\t\t\t\t<div class=\"elementor-shortcode\"><div class=\"everest-forms\"><div class=\"evf-container evf_success default\" id=\"evf-359\"><form id=\"evf-form-359\" class=\"everest-form\" data-formid=\"359\" data-ajax_submission=\"0\" data-keyboard_friendly_form=\"0\" data-form_state_type=\"\" method=\"post\" enctype=\"multipart\/form-data\" action=\"\/en\/wp-json\/wp\/v2\/pages\/165\"><div class=\"evf-field-container\"><input type=\"hidden\" id=\"_wpnonce359\" name=\"_wpnonce359\" value=\"5a2c558de4\" \/><input type=\"hidden\" name=\"_wp_http_referer\" value=\"\/en\/wp-json\/wp\/v2\/pages\/165\" \/><div class=\"evf-frontend-row\" data-row=\"row_1\" conditional_rules=\"[]\"><div class=\"evf-frontend-grid evf-grid-1\" data-grid=\"grid_1\"><div id=\"evf-359-field_fullname-container\" class=\"evf-field evf-field-text form-row wrappedformodal validate-required\" data-required-field-message=\"This field is required.\" data-field-id=\"fullname\"><label class=\"evf-field-label\" for=\"evf-359-field_fullname\"><span class=\"evf-label\">Nom<\/span> <abbr class=\"required\" title=\"Required\">*<\/abbr><\/label><input type=\"text\" id=\"evf-359-field_fullname\" class=\"input-text\" name=\"everest_forms[form_fields][fullname]\" required><\/div><div id=\"evf-359-field_email-container\" class=\"evf-field evf-field-email form-row validate-required validate-email\" data-required-field-message=\"Please enter a valid email address.\" data-field-id=\"email\"><label class=\"evf-field-label\" for=\"evf-359-field_email\"><span class=\"evf-label\">Email<\/span> <abbr class=\"required\" title=\"Required\">*<\/abbr><\/label><input type=\"email\" id=\"evf-359-field_email\" class=\"input-text\" name=\"everest_forms[form_fields][email]\" required ><\/div><div id=\"evf-359-field_0OkdZUhc51-3-container\" class=\"evf-field evf-field-text form-row\" data-field-id=\"0OkdZUhc51-3\"><label class=\"evf-field-label\" for=\"evf-359-field_0OkdZUhc51-3\"><span class=\"evf-label\">N\u00b0 de t\u00e9l\u00e9phone<\/span> <\/label><input type=\"text\" id=\"evf-359-field_0OkdZUhc51-3\" class=\"input-text\" name=\"everest_forms[form_fields][0OkdZUhc51-3]\" ><\/div><div id=\"evf-359-field_message-container\" class=\"evf-field evf-field-textarea form-row validate-required\" data-required-field-message=\"This field is required.\" data-field-id=\"message\"><label class=\"evf-field-label\" for=\"evf-359-field_message\"><span class=\"evf-label\">Message<\/span> <abbr class=\"required\" title=\"Required\">*<\/abbr><\/label><textarea id=\"evf-359-field_message\" class=\"input-text\" name=\"everest_forms[form_fields][message]\" required ><\/textarea><\/div><\/div><\/div><div class=\"evf-frontend-row\" data-row=\"row_2\" conditional_rules=\"[]\"><div class=\"evf-frontend-grid evf-grid-1\" data-grid=\"grid_1\"><div id=\"evf-359-field_IWX5HFxv2j-18-container\" class=\"evf-field evf-field-recaptcha form-row\" data-field-id=\"IWX5HFxv2j-18\"><div class=\"evf-recaptcha-container recaptcha-hidden\" style=\"display:block\"><input type=\"hidden\" name=\"everest_forms[recaptcha]\" value=\"\"><\/div><\/div><\/div><\/div><\/div><div class=\"evf-submit-container \" ><input type=\"hidden\" name=\"everest_forms[id]\" value=\"359\"><input type=\"hidden\" name=\"everest_forms[author]\" value=\"2\"><button type='submit' name='everest_forms[submit]' class='everest-forms-submit-button button evf-submit ' id='evf-submit-359' value='evf-submit' data-process-text=\"Envoi en cours\" conditional_rules='&quot;&quot;' conditional_id='evf-submit-359'  id=\"evf-submit-359\" aria-live=\"assertive\">Envoyer<\/button><\/div><\/form><\/div><!-- .evf-container --><\/div><\/div>\n\t\t\t\t\t\t<\/div>\n\t\t\t\t<\/div>\n\t\t\t\t<\/div>\n\t\t\t\t\t<\/div>\n\t\t\t\t<\/div>\n\t\t\t\t<\/div>\n\t\t","protected":false},"excerpt":{"rendered":"<p>Paul Adam | Adam-D\u00e9clic Informatique Interventions physiques en Touraine, Poitou-Charentes et Vend\u00e9e. A distance partout ailleurs. Je travaille en Fran\u00e7ais, Anglais, Espagnol. Horaires : Lundi &#8211; vendredi ; 10h-20h, au-del\u00e0 et Week-end si urgence. T\u00e9l\u00e9phone: 06 30 44 70 17 Appeler Demande devis Telegram Facebook Partenariat : jesuisnumerique.fr<\/p>","protected":false},"author":2,"featured_media":0,"parent":0,"menu_order":0,"comment_status":"closed","ping_status":"closed","template":"elementor_theme","meta":{"footnotes":""},"class_list":["post-165","page","type-page","status-publish","hentry"],"yoast_head":"<!-- This site is optimized with the Yoast SEO plugin v27.3 - https:\/\/yoast.com\/product\/yoast-seo-wordpress\/ -->\n<title>Contact - Adam-d\u00e9clic Informatique<\/title>\n<meta name=\"robots\" content=\"index, follow, max-snippet:-1, max-image-preview:large, max-video-preview:-1\" \/>\n<link rel=\"canonical\" href=\"https:\/\/adam-declic.fr\/en\/contact\/\" \/>\n<script type=\"application\/ld+json\" class=\"yoast-schema-graph\">{\"@context\":\"https:\\\/\\\/schema.org\",\"@graph\":[{\"@type\":\"WebPage\",\"@id\":\"https:\\\/\\\/adam-declic.fr\\\/contact\\\/\",\"url\":\"https:\\\/\\\/adam-declic.fr\\\/contact\\\/\",\"name\":\"Contact - Adam-d\u00e9clic Informatique\",\"isPartOf\":{\"@id\":\"https:\\\/\\\/adam-declic.fr\\\/#website\"},\"datePublished\":\"2020-01-30T01:01:00+00:00\",\"dateModified\":\"2025-06-11T17:35:08+00:00\",\"breadcrumb\":{\"@id\":\"https:\\\/\\\/adam-declic.fr\\\/contact\\\/#breadcrumb\"},\"inLanguage\":\"en-GB\",\"potentialAction\":[{\"@type\":\"ReadAction\",\"target\":[\"https:\\\/\\\/adam-declic.fr\\\/contact\\\/\"]}]},{\"@type\":\"BreadcrumbList\",\"@id\":\"https:\\\/\\\/adam-declic.fr\\\/contact\\\/#breadcrumb\",\"itemListElement\":[{\"@type\":\"ListItem\",\"position\":1,\"name\":\"Accueil\",\"item\":\"https:\\\/\\\/adam-declic.fr\\\/\"},{\"@type\":\"ListItem\",\"position\":2,\"name\":\"Contact\"}]},{\"@type\":\"WebSite\",\"@id\":\"https:\\\/\\\/adam-declic.fr\\\/#website\",\"url\":\"https:\\\/\\\/adam-declic.fr\\\/\",\"name\":\"Adam-d\u00e9clic Informatique\",\"description\":\"Votre couteau suisse informatique\",\"publisher\":{\"@id\":\"https:\\\/\\\/adam-declic.fr\\\/#organization\"},\"potentialAction\":[{\"@type\":\"SearchAction\",\"target\":{\"@type\":\"EntryPoint\",\"urlTemplate\":\"https:\\\/\\\/adam-declic.fr\\\/?s={search_term_string}\"},\"query-input\":{\"@type\":\"PropertyValueSpecification\",\"valueRequired\":true,\"valueName\":\"search_term_string\"}}],\"inLanguage\":\"en-GB\"},{\"@type\":\"Organization\",\"@id\":\"https:\\\/\\\/adam-declic.fr\\\/#organization\",\"name\":\"Adam-declic.fr\",\"alternateName\":\"ADI\",\"url\":\"https:\\\/\\\/adam-declic.fr\\\/\",\"logo\":{\"@type\":\"ImageObject\",\"inLanguage\":\"en-GB\",\"@id\":\"https:\\\/\\\/adam-declic.fr\\\/#\\\/schema\\\/logo\\\/image\\\/\",\"url\":\"https:\\\/\\\/adam-declic.fr\\\/wp-content\\\/uploads\\\/services-informatiques-reparations-poitou-charentes-touraine-logoADI2.png\",\"contentUrl\":\"https:\\\/\\\/adam-declic.fr\\\/wp-content\\\/uploads\\\/services-informatiques-reparations-poitou-charentes-touraine-logoADI2.png\",\"width\":416,\"height\":113,\"caption\":\"Adam-declic.fr\"},\"image\":{\"@id\":\"https:\\\/\\\/adam-declic.fr\\\/#\\\/schema\\\/logo\\\/image\\\/\"}}]}<\/script>\n<!-- \/ Yoast SEO plugin. -->","yoast_head_json":{"title":"Contact - Adam-d\u00e9clic Informatique","robots":{"index":"index","follow":"follow","max-snippet":"max-snippet:-1","max-image-preview":"max-image-preview:large","max-video-preview":"max-video-preview:-1"},"canonical":"https:\/\/adam-declic.fr\/en\/contact\/","schema":{"@context":"https:\/\/schema.org","@graph":[{"@type":"WebPage","@id":"https:\/\/adam-declic.fr\/contact\/","url":"https:\/\/adam-declic.fr\/contact\/","name":"Contact - Adam-d\u00e9clic Informatique","isPartOf":{"@id":"https:\/\/adam-declic.fr\/#website"},"datePublished":"2020-01-30T01:01:00+00:00","dateModified":"2025-06-11T17:35:08+00:00","breadcrumb":{"@id":"https:\/\/adam-declic.fr\/contact\/#breadcrumb"},"inLanguage":"en-GB","potentialAction":[{"@type":"ReadAction","target":["https:\/\/adam-declic.fr\/contact\/"]}]},{"@type":"BreadcrumbList","@id":"https:\/\/adam-declic.fr\/contact\/#breadcrumb","itemListElement":[{"@type":"ListItem","position":1,"name":"Accueil","item":"https:\/\/adam-declic.fr\/"},{"@type":"ListItem","position":2,"name":"Contact"}]},{"@type":"WebSite","@id":"https:\/\/adam-declic.fr\/#website","url":"https:\/\/adam-declic.fr\/","name":"Adam-d\u00e9clic Informatique","description":"Votre couteau suisse informatique","publisher":{"@id":"https:\/\/adam-declic.fr\/#organization"},"potentialAction":[{"@type":"SearchAction","target":{"@type":"EntryPoint","urlTemplate":"https:\/\/adam-declic.fr\/?s={search_term_string}"},"query-input":{"@type":"PropertyValueSpecification","valueRequired":true,"valueName":"search_term_string"}}],"inLanguage":"en-GB"},{"@type":"Organization","@id":"https:\/\/adam-declic.fr\/#organization","name":"Adam-declic.fr","alternateName":"ADI","url":"https:\/\/adam-declic.fr\/","logo":{"@type":"ImageObject","inLanguage":"en-GB","@id":"https:\/\/adam-declic.fr\/#\/schema\/logo\/image\/","url":"https:\/\/adam-declic.fr\/wp-content\/uploads\/services-informatiques-reparations-poitou-charentes-touraine-logoADI2.png","contentUrl":"https:\/\/adam-declic.fr\/wp-content\/uploads\/services-informatiques-reparations-poitou-charentes-touraine-logoADI2.png","width":416,"height":113,"caption":"Adam-declic.fr"},"image":{"@id":"https:\/\/adam-declic.fr\/#\/schema\/logo\/image\/"}}]}},"_links":{"self":[{"href":"https:\/\/adam-declic.fr\/en\/wp-json\/wp\/v2\/pages\/165","targetHints":{"allow":["GET"]}}],"collection":[{"href":"https:\/\/adam-declic.fr\/en\/wp-json\/wp\/v2\/pages"}],"about":[{"href":"https:\/\/adam-declic.fr\/en\/wp-json\/wp\/v2\/types\/page"}],"author":[{"embeddable":true,"href":"https:\/\/adam-declic.fr\/en\/wp-json\/wp\/v2\/users\/2"}],"replies":[{"embeddable":true,"href":"https:\/\/adam-declic.fr\/en\/wp-json\/wp\/v2\/comments?post=165"}],"version-history":[{"count":276,"href":"https:\/\/adam-declic.fr\/en\/wp-json\/wp\/v2\/pages\/165\/revisions"}],"predecessor-version":[{"id":11542,"href":"https:\/\/adam-declic.fr\/en\/wp-json\/wp\/v2\/pages\/165\/revisions\/11542"}],"wp:attachment":[{"href":"https:\/\/adam-declic.fr\/en\/wp-json\/wp\/v2\/media?parent=165"}],"curies":[{"name":"wp","href":"https:\/\/api.w.org\/{rel}","templated":true}]}}